{"id":3271,"date":"2023-05-10T20:18:18","date_gmt":"2023-05-11T01:18:18","guid":{"rendered":"http:\/\/www.mac.pe\/"},"modified":"2025-10-13T17:59:34","modified_gmt":"2025-10-13T22:59:34","slug":"mac-junin","status":"publish","type":"page","link":"https:\/\/silva.net.pe\/macpe\/mac-junin\/","title":{"rendered":"MAC Huancayo (Jun\u00edn)"},"content":{"rendered":"<address><span style=\"color: #000000;\">Centro Comercial Mall Plaza Huancayo<br \/>\n<\/span><\/address>\n<address><span style=\"color: #000000;\">Av. Ferrocarril N\u00b0 146-150, esquina con Prolongaci\u00f3n San Carlos N\u00b0 136, <strong>Huancayo, Huancayo, Jun\u00edn<br \/>\n<\/strong><\/span><\/address>\n<address><span style=\"color: #000000;\"> <\/span><\/address>\n<address><span style=\"color: #000000;\"> <\/span><\/address>\n<address><span style=\"color: #000000;\"> <\/span><\/address>\n<address><span style=\"color: #000000;\"> <\/span><\/address>\n<\/p>\n<h3 style=\"margin-top: 40px;\"><span style=\"color: #000000;\"><strong>Relaci\u00f3n de Servicios por Entidad <\/strong><\/span><\/h3>\n<p><a href=\"https:\/\/centrosmac.com\/citas\/\" target=\"_blank\"> <\/a><\/p>\n<p><a href=\"https:\/\/centrosmac.com\/citas\/\" target=\"_blank\"><\/a><\/p>\n<table border=\"0\" cellspacing=\"0\" cellpadding=\"0\" width=\"554\">\n<tbody>\n<tr>\n<td style=\"text-align: center;\"><em><a href=\"https:\/\/www.mac.pe\/wp-content\/uploads\/2025\/10\/BANCO-DE-LA-NACI\u00d3N.pdf\" target=\"_blank\"><span style=\"color: #000000;\"><strong>BN &#8211; Banco de la naci\u00f3n<\/strong><\/span><\/a><\/em><\/td>\n<\/tr>\n<tr>\n<td style=\"text-align: center;\"><em><a href=\"https:\/\/www.mac.pe\/wp-content\/uploads\/2025\/10\/ELECTROCENTRO.pdf\" target=\"_blank\"><span style=\"color: #000000;\"><strong>ELECTROCENTRO<\/strong><\/span><\/a><\/em><\/td>\n<\/tr>\n<tr>\n<td style=\"text-align: center;\"><em><a href=\"https:\/\/www.mac.pe\/wp-content\/uploads\/2025\/10\/ESSALUD.pdf\" target=\"_blank\"><span style=\"color: #000000;\"><strong>ESSALUD &#8211; Seguro Social de Salud<\/strong><\/span><\/a><\/em><\/td>\n<\/tr>\n<tr>\n<td style=\"text-align: center;\"><a href=\"http:\/\/www.mac.pe\/descargas\/\/Atencion\/mac-junin\/gore_mtpe.pdf\" target=\"_blank\"><span style=\"color: #000000;\"><em><strong>GORE Jun\u00edn \u2013 Direcci\u00f3n Regional de Trabajo y Promoci\u00f3n del Empleo <\/strong><\/em><\/span><\/a><\/td>\n<\/tr>\n<tr>\n<td style=\"text-align: center;\"><a href=\"http:\/\/www.mac.pe\/descargas\/\/Atencion\/mac-junin\/gore-mtc.pdf\" target=\"_blank\"><span style=\"color: #000000;\"><em><strong>GORE Jun\u00edn \u2013 Direcci\u00f3n Regional de Transporte y Comunicaciones <\/strong><\/em><\/span><\/a><\/td>\n<\/tr>\n<tr>\n<td style=\"text-align: center;\"><em><a href=\"https:\/\/www.mac.pe\/wp-content\/uploads\/2025\/10\/INDECOPI.pdf\" target=\"_blank\"><span style=\"color: #000000;\"><strong>INDECOPI \u2013 Instituto Nacional de Defensa de la Competencia y de la Protecci\u00f3n de la Propiedad Intelectual<\/strong><\/span><\/a><\/em><\/td>\n<\/tr>\n<tr>\n<td style=\"text-align: center;\"><em><a href=\"https:\/\/www.mac.pe\/wp-content\/uploads\/2025\/10\/INPE.pdf\" target=\"_blank\"><span style=\"color: #000000;\"><strong>INPE \u2013 Instituto Nacional Penitenciario<\/strong><\/span><\/a><\/em><\/td>\n<\/tr>\n<tr>\n<td style=\"text-align: center;\"><em><a href=\"https:\/\/www.mac.pe\/wp-content\/uploads\/2025\/10\/MIDIS.pdf\" target=\"_blank\"><span style=\"color: #000000;\"><strong>MIDIS &#8211; Ministerio de Desarrollo e Inclusi\u00f3n Social<\/strong><\/span><\/a><\/em><\/td>\n<\/tr>\n<tr>\n<td style=\"text-align: center;\"><em><a href=\"https:\/\/www.mac.pe\/wp-content\/uploads\/2025\/10\/ONP.pdf\" target=\"_blank\"><span style=\"color: #000000;\"><strong>ONP \u2013 Oficina de Normalizaci\u00f3n Previsional<\/strong><\/span><\/a><\/em><\/td>\n<\/tr>\n<tr>\n<td style=\"text-align: center;\"><em><a href=\"https:\/\/www.mac.pe\/wp-content\/uploads\/2025\/10\/PODER-JUDICIAL.pdf\" target=\"_blank\"><span style=\"color: #000000;\"><strong>PJ \u2013 Poder Judicial<\/strong><\/span><\/a><\/em><\/td>\n<\/tr>\n<tr>\n<td style=\"text-align: center;\"><em><a href=\"https:\/\/www.mac.pe\/wp-content\/uploads\/2025\/10\/RENIEC-PROVINCIAS.pdf\" target=\"_blank\"><span style=\"color: #000000;\"><strong>RENIEC \u2013 Registro Nacional de Identificaci\u00f3n y Estado Civil<\/strong><\/span><\/a><\/em><\/td>\n<\/tr>\n<tr>\n<td style=\"text-align: center;\"><a href=\"http:\/\/www.mac.pe\/wp-content\/uploads\/2023\/08\/sath.pdf\" target=\"_blank\"><span style=\"color: #000000;\"><em><strong>Servicio de Administraci\u00f3n Tributaria Huancayo &#8211; SATH <\/strong><\/em><\/span><\/a><\/td>\n<\/tr>\n<tr>\n<td style=\"text-align: center;\"><em><a href=\"https:\/\/www.mac.pe\/wp-content\/uploads\/2025\/10\/SIS.pdf\" target=\"_blank\"><span style=\"color: #000000;\"><strong>SIS &#8211; Seguro Integral de Salud<\/strong><\/span><\/a><\/em><\/td>\n<\/tr>\n<tr>\n<td style=\"text-align: center;\"><em><a href=\"https:\/\/www.mac.pe\/wp-content\/uploads\/2025\/10\/SUNAFIL-1.pdf\" target=\"_blank\"><span style=\"color: #000000;\"><strong>SUNAFIL &#8211; Superintendencia Nacional de Fiscalizaci\u00f3n Laboral<\/strong><\/span><\/a><\/em><\/td>\n<\/tr>\n<tr>\n<td style=\"text-align: center;\"><em><a href=\"https:\/\/www.mac.pe\/wp-content\/uploads\/2025\/10\/SUNARP.pdf\" target=\"_blank\"><span style=\"color: #000000;\"><strong>SUNARP \u2013 Superintendencia Nacional de Registros P\u00fablicos<\/strong><\/span><\/a><\/em><\/td>\n<\/tr>\n<tr>\n<td style=\"text-align: center;\"><em><a href=\"https:\/\/www.mac.pe\/wp-content\/uploads\/2025\/10\/SUNAT.pdf\" target=\"_blank\"><span style=\"color: #000000;\"><strong>SUNAT \u2013 Superintendencia Nacional de Administraci\u00f3n Tributaria<\/strong><\/span><\/a><\/em><\/td>\n<\/tr>\n<tr>\n<td style=\"text-align: center;\"><em><a href=\"https:\/\/www.mac.pe\/wp-content\/uploads\/2025\/10\/SUNEDU.pdf\" target=\"_blank\"><span style=\"color: #000000;\"><strong>SUNEDU \u2013 Superintendencia Nacional de Educaci\u00f3n Superior Universitaria<\/strong><\/span><\/a><\/em><\/td>\n<\/tr>\n<tr>\n<td style=\"text-align: center;\"><a href=\"http:\/\/www.mac.pe\/wp-content\/uploads\/2025\/08\/migraciones-Huancayo.pdf\" target=\"_blank\"><span style=\"color: #000000;\"><em><strong>Superintendencia Nacional de Migraciones<\/strong><\/em><\/span><\/a><\/td>\n<\/tr>\n<tr>\n<td style=\"text-align: left;\"><span style=\"color: #000000;\"><em><strong> <\/strong><\/em><\/span><\/td>\n<\/tr>\n<tr>\n<td style=\"text-align: left;\"><strong><em><strong>Formatos de Ayuda<\/strong>:<\/em><\/strong><br \/>\n<a href=\"http:\/\/www.mac.pe\/descargas\/Atencion\/Decla_Jura_Domi.pdf\" target=\"_blank\"><span style=\"color: #000000;\"><em>* Declaraci\u00f3n Jurada de Domicilio<\/em><\/span><\/a><\/td>\n<\/tr>\n<\/tbody>\n<\/table>\n<p><!-- MAC LIMA ESTE--><\/p>\n<div class=\"container\" style=\"background: #FAFAFA;\">\n<h3 style=\"margin-top: 15px;\">MAC Jun\u00edn<\/h3>\n<\/div>\n","protected":false},"excerpt":{"rendered":"<p>Centro Comercial Mall Plaza Huancayo Av. Ferrocarril N\u00b0 146-150, esquina con Prolongaci\u00f3n San Carlos N\u00b0 136, Huancayo, Huancayo, Jun\u00edn Relaci\u00f3n de Servicios por Entidad BN &#8211; Banco de la naci\u00f3n ELECTROCENTRO ESSALUD &#8211; Seguro Social de Salud GORE Jun\u00edn \u2013 Direcci\u00f3n Regional de Trabajo y Promoci\u00f3n del Empleo GORE Jun\u00edn \u2013 Direcci\u00f3n Regional de Transporte [&hellip;]<\/p>\n","protected":false},"author":1,"featured_media":0,"parent":0,"menu_order":0,"comment_status":"closed","ping_status":"closed","template":"","meta":{"footnotes":""},"class_list":["post-3271","page","type-page","status-publish","hentry"],"_links":{"self":[{"href":"https:\/\/silva.net.pe\/macpe\/wp-json\/wp\/v2\/pages\/3271","targetHints":{"allow":["GET"]}}],"collection":[{"href":"https:\/\/silva.net.pe\/macpe\/wp-json\/wp\/v2\/pages"}],"about":[{"href":"https:\/\/silva.net.pe\/macpe\/wp-json\/wp\/v2\/types\/page"}],"author":[{"embeddable":true,"href":"https:\/\/silva.net.pe\/macpe\/wp-json\/wp\/v2\/users\/1"}],"replies":[{"embeddable":true,"href":"https:\/\/silva.net.pe\/macpe\/wp-json\/wp\/v2\/comments?post=3271"}],"version-history":[{"count":62,"href":"https:\/\/silva.net.pe\/macpe\/wp-json\/wp\/v2\/pages\/3271\/revisions"}],"predecessor-version":[{"id":3278,"href":"https:\/\/silva.net.pe\/macpe\/wp-json\/wp\/v2\/pages\/3271\/revisions\/3278"}],"wp:attachment":[{"href":"https:\/\/silva.net.pe\/macpe\/wp-json\/wp\/v2\/media?parent=3271"}],"curies":[{"name":"wp","href":"https:\/\/api.w.org\/{rel}","templated":true}]}}