{"id":3472,"date":"2023-10-21T18:28:25","date_gmt":"2023-10-21T23:28:25","guid":{"rendered":"http:\/\/www.mac.pe\/"},"modified":"2025-10-16T18:08:15","modified_gmt":"2025-10-16T23:08:15","slug":"mac-cusco","status":"publish","type":"page","link":"https:\/\/silva.net.pe\/macpe\/mac-cusco\/","title":{"rendered":"MAC Cusco"},"content":{"rendered":"<address><span style=\"color: #000000;\">Centro Comercial Real Plaza Cusco \u2013 Nivel 1<br \/>\n<\/span><\/address>\n<address><span style=\"color: #000000;\">Av. Collasuyo N\u00b0 2964, <strong> Cusco, Cusco, Cusco<br \/>\n<\/strong><\/span><\/address>\n<address><span style=\"color: #000000;\"> <\/span><\/address>\n<address><span style=\"color: #000000;\"> <\/span><\/address>\n<address><span style=\"color: #000000;\"> <\/span><\/address>\n<address><span style=\"color: #000000;\"> <\/span><\/address>\n<h3 style=\"margin-top: 40px;\"><span style=\"color: #000000;\"><strong>Relaci\u00f3n de Servicios por Entidad <\/strong><\/span><\/h3>\n<p><a href=\"https:\/\/centrosmac.com\/citas\/\" target=\"_blank\"> <\/a><\/p>\n<p><a href=\"https:\/\/centrosmac.com\/citas\/\" target=\"_blank\"><\/a><\/p>\n<table border=\"0\" cellspacing=\"0\" cellpadding=\"0\" width=\"554\">\n<tbody>\n<tr>\n<td style=\"text-align: center;\"><em><a href=\"https:\/\/www.mac.pe\/wp-content\/uploads\/2025\/10\/BANCO-DE-LA-NACI\u00d3N.pdf\" target=\"_blank\"><span style=\"color: #000000;\"><strong>BN &#8211; Banco de la naci\u00f3n<\/strong><\/span><\/a><\/em><\/td>\n<\/tr>\n<tr>\n<td style=\"text-align: center;\"><em><a href=\"https:\/\/www.mac.pe\/wp-content\/uploads\/2025\/10\/ESSALUD.pdf\" target=\"_blank\"><span style=\"color: #000000;\"><strong>ESSALUD &#8211; Seguro Social de Salud<\/strong><\/span><\/a><\/em><\/td>\n<\/tr>\n<tr>\n<td style=\"text-align: center;\"><span style=\"color: #0000ff;\"> <\/span> <a href=\"https:\/\/www.mac.pe\/wp-content\/uploads\/2025\/10\/GRTPE-CUSCO-1.pdf\" target=\"_blank\"><span style=\"color: #000000;\"><strong><em>Gobierno Regional de Cusco &#8211; Direcci\u00f3n Regional de Trabajo y Promoci\u00f3n del Empleo <\/em><\/strong><\/span><\/a><span style=\"color: #000000;\"> <\/span><\/td>\n<\/tr>\n<tr>\n<td style=\"text-align: center;\"><span style=\"color: #0000ff;\"> <\/span> <a href=\"https:\/\/www.mac.pe\/wp-content\/uploads\/2025\/10\/GRTC-CUSCO-1.pdf\" target=\"_blank\"><span style=\"color: #000000;\"><strong><em>Gobierno Regional de Cusco  &#8211; Gerencia Regional de Transportes y Comunicaciones <\/em><\/strong><\/span><\/a><span style=\"color: #000000;\"> <\/span><\/td>\n<\/tr>\n<tr>\n<td style=\"text-align: center;\"><span style=\"color: #0000ff;\"> <\/span> <a href=\"http:\/\/www.mac.pe\/wp-content\/uploads\/2024\/05\/migraciones-cusco.pdf\" target=\"_blank\"><span style=\"color: #000000;\"><strong><em>MIGRACIONES &#8211; Superintendencia Nacional de Migraciones <\/em><\/strong><\/span><\/a><span style=\"color: #000000;\"> <strong><a style=\"color: #ff0000;\" href=\"https:\/\/citaspasaporte.migraciones.gob.pe\/citas-pasaporte-v2\/programar-cita\">(Requiere Cita)<\/a><\/strong><\/span><\/td>\n<\/tr>\n<tr>\n<td style=\"text-align: center;\"><span style=\"color: #0000ff;\"> <\/span> <a href=\"https:\/\/www.mac.pe\/wp-content\/uploads\/2025\/10\/MP-CUSCO-1.pdf\" target=\"_blank\"><span style=\"color: #000000;\"><strong><em>Municipalidad Provincial de Cusco &#8211; Oficina General de Tributaci\u00f3n  a MAC Cusco <\/em><\/strong><\/span><\/a><span style=\"color: #000000;\"> <\/span><\/td>\n<\/tr>\n<tr>\n<td style=\"text-align: center;\"><em><a href=\"https:\/\/www.mac.pe\/wp-content\/uploads\/2025\/10\/ONP.pdf\" target=\"_blank\"><span style=\"color: #000000;\"><strong>ONP \u2013 Oficina de Normalizaci\u00f3n Previsional<\/strong><\/span><\/a><\/em><\/td>\n<\/tr>\n<tr>\n<td style=\"text-align: center;\"><em><a href=\"https:\/\/www.mac.pe\/wp-content\/uploads\/2025\/10\/PODER-JUDICIAL.pdf\" target=\"_blank\"><span style=\"color: #000000;\"><strong>PJ \u2013 Poder Judicial<\/strong><\/span><\/a><\/em><\/td>\n<\/tr>\n<tr>\n<td style=\"text-align: center;\"><em><a href=\"https:\/\/www.mac.pe\/wp-content\/uploads\/2025\/10\/RENIEC-PROVINCIAS.pdf\" target=\"_blank\"><span style=\"color: #000000;\"><strong>RENIEC \u2013 Registro Nacional de Identificaci\u00f3n y Estado Civil<\/strong><\/span><\/a><\/em><\/td>\n<\/tr>\n<tr>\n<td style=\"text-align: center;\"><em><a href=\"https:\/\/www.mac.pe\/wp-content\/uploads\/2025\/10\/SIS.pdf\" target=\"_blank\"><span style=\"color: #000000;\"><strong>SIS &#8211; Seguro Integral de Salud<\/strong><\/span><\/a><\/em><\/td>\n<\/tr>\n<tr>\n<td style=\"text-align: center;\"><em><a href=\"https:\/\/www.mac.pe\/wp-content\/uploads\/2025\/10\/SUNARP.pdf\" target=\"_blank\"><span style=\"color: #000000;\"><strong>SUNARP \u2013 Superintendencia Nacional de Registros P\u00fablicos<\/strong><\/span><\/a><\/em><\/td>\n<\/tr>\n<tr>\n<td style=\"text-align: center;\"><em><a href=\"https:\/\/www.mac.pe\/wp-content\/uploads\/2025\/10\/SUNAT.pdf\" target=\"_blank\"><span style=\"color: #000000;\"><strong>SUNAT \u2013 Superintendencia Nacional de Administraci\u00f3n Tributaria<\/strong><\/span><\/a><\/em><\/td>\n<\/tr>\n<tr>\n<td style=\"text-align: center;\"><em><a href=\"https:\/\/www.mac.pe\/wp-content\/uploads\/2025\/10\/SUNEDU.pdf\" target=\"_blank\"><span style=\"color: #000000;\"><strong>SUNEDU \u2013 Superintendencia Nacional de Educaci\u00f3n Superior Universitaria<\/strong><\/span><\/a><\/em><\/td>\n<\/tr>\n<tr>\n<td style=\"text-align: left;\"><span style=\"color: #000000;\"><em><strong> <\/strong><\/em><\/span><\/td>\n<\/tr>\n<tr>\n<td style=\"text-align: left;\"><strong><em><strong>Formatos de Ayuda<\/strong>:<\/em><\/strong><br \/>\n<a href=\"http:\/\/www.mac.pe\/descargas\/Atencion\/Decla_Jura_Domi.pdf\" target=\"_blank\"><span style=\"color: #000000;\"><em>* Declaraci\u00f3n Jurada de Domicilio<\/em><\/span><\/a><br \/>\n<a href=\"http:\/\/www.mac.pe\/descargas\/Atencion\/dec_jur_per_rob.pdf\" target=\"_blank\"><span style=\"color: #000000;\"><em>* Declaraci\u00f3n Jurada de P\u00e9rdida o Robo de Licencia de Conducir<\/em><\/span><\/a><br \/>\n<a href=\"http:\/\/www.mac.pe\/descargas\/Atencion\/dec_jur.pdf\" target=\"_blank\"><span style=\"color: #000000;\"><em>* Declaraci\u00f3n Jurada para Recojo de Licencia<\/em><\/span><\/a><br \/>\n<a href=\"http:\/\/www.mac.pe\/descargas\/Atencion\/Pasos_para_constituir_una_Pers_jur_ficha_const.pdf\" target=\"_blank\"><span style=\"color: #000000;\"><em>* Pasos para constituir una Persona Jur\u00eddica y Ficha de Constituci\u00f3n <\/em><\/span><\/a><\/td>\n<\/tr>\n<\/tbody>\n<\/table>\n","protected":false},"excerpt":{"rendered":"<p>Centro Comercial Real Plaza Cusco \u2013 Nivel 1 Av. Collasuyo N\u00b0 2964, Cusco, Cusco, Cusco Relaci\u00f3n de Servicios por Entidad BN &#8211; Banco de la naci\u00f3n ESSALUD &#8211; Seguro Social de Salud Gobierno Regional de Cusco &#8211; Direcci\u00f3n Regional de Trabajo y Promoci\u00f3n del Empleo Gobierno Regional de Cusco &#8211; Gerencia Regional de Transportes y [&hellip;]<\/p>\n","protected":false},"author":1,"featured_media":0,"parent":0,"menu_order":0,"comment_status":"closed","ping_status":"open","template":"","meta":{"footnotes":""},"class_list":["post-3472","page","type-page","status-publish","hentry"],"_links":{"self":[{"href":"https:\/\/silva.net.pe\/macpe\/wp-json\/wp\/v2\/pages\/3472","targetHints":{"allow":["GET"]}}],"collection":[{"href":"https:\/\/silva.net.pe\/macpe\/wp-json\/wp\/v2\/pages"}],"about":[{"href":"https:\/\/silva.net.pe\/macpe\/wp-json\/wp\/v2\/types\/page"}],"author":[{"embeddable":true,"href":"https:\/\/silva.net.pe\/macpe\/wp-json\/wp\/v2\/users\/1"}],"replies":[{"embeddable":true,"href":"https:\/\/silva.net.pe\/macpe\/wp-json\/wp\/v2\/comments?post=3472"}],"version-history":[{"count":62,"href":"https:\/\/silva.net.pe\/macpe\/wp-json\/wp\/v2\/pages\/3472\/revisions"}],"predecessor-version":[{"id":3474,"href":"https:\/\/silva.net.pe\/macpe\/wp-json\/wp\/v2\/pages\/3472\/revisions\/3474"}],"wp:attachment":[{"href":"https:\/\/silva.net.pe\/macpe\/wp-json\/wp\/v2\/media?parent=3472"}],"curies":[{"name":"wp","href":"https:\/\/api.w.org\/{rel}","templated":true}]}}