{"id":4002,"date":"2024-04-29T15:42:40","date_gmt":"2024-04-29T20:42:40","guid":{"rendered":"http:\/\/www.mac.pe\/"},"modified":"2025-10-13T17:53:26","modified_gmt":"2025-10-13T22:53:26","slug":"mac-ancash","status":"publish","type":"page","link":"https:\/\/silva.net.pe\/macpe\/mac-ancash\/","title":{"rendered":"MAC Chimbote (\u00c1ncash)"},"content":{"rendered":"<address><span style=\"color: #000000;\">Centro Comercial Megaplaza Chimbote \u2013 Nivel 2<br \/>\n<\/span><\/address>\n<address><span style=\"color: #000000;\">Av. V\u00edctor Ra\u00fal Haya de la Torre N\u00b0 2964,  <strong> Chimbote, Santa, \u00c1ncash <\/strong><\/p>\n<p><\/span><\/address>\n<address><span style=\"color: #000000;\"><strong><br \/>\n<\/strong><\/span><\/address>\n<address><span style=\"color: #000000;\"> <\/span><\/address>\n<address><span style=\"color: #000000;\"> <\/span><\/address>\n<address><span style=\"color: #000000;\"> <\/span><\/address>\n<address><span style=\"color: #000000;\"> <\/span><\/address>\n<address><span style=\"color: #000000;\"> <\/span><\/address>\n<h3><span style=\"color: #000000;\"><strong>Relaci\u00f3n de Servicios por Entidad <\/strong><\/span><\/h3>\n<p><a href=\"https:\/\/centrosmac.com\/citas\/\" target=\"_blank\"> <\/a><\/p>\n<p><a href=\"https:\/\/centrosmac.com\/citas\/\" target=\"_blank\"><\/a><\/p>\n<table border=\"0\" cellspacing=\"0\" cellpadding=\"0\" width=\"554\">\n<tbody>\n<tr>\n<td style=\"text-align: center;\"><em><a href=\"https:\/\/www.mac.pe\/wp-content\/uploads\/2025\/10\/BANCO-DE-LA-NACI\u00d3N.pdf\" target=\"_blank\"><span style=\"color: #000000;\"><strong>BN &#8211; Banco de la naci\u00f3n<\/strong><\/span><\/a><\/em><\/td>\n<\/tr>\n<tr>\n<td style=\"text-align: center;\"><em><a href=\"https:\/\/www.mac.pe\/wp-content\/uploads\/2025\/10\/DRTC-ANCASH.pdf\" target=\"_blank\"><span style=\"color: #000000;\"><strong>DRTC ANCASH &#8211; Direcci\u00f3n Regional de Transportes y Comunicaciones de \u00c1ncash<\/strong><\/span><\/a><\/em><\/td>\n<\/tr>\n<tr>\n<td style=\"text-align: center;\"><em><a href=\"https:\/\/www.mac.pe\/wp-content\/uploads\/2025\/10\/DRTPE-ANCASH.pdf\" target=\"_blank\"><span style=\"color: #000000;\"><strong>DRTPE ANCASH &#8211; Direcci\u00f3n Regional de Trabajo y Promoci\u00f3n del Empleo de \u00c1ncash<\/strong><\/span><\/a><\/em><\/td>\n<\/tr>\n<tr>\n<td style=\"text-align: center;\"><em><a href=\"https:\/\/www.mac.pe\/wp-content\/uploads\/2025\/10\/ESSALUD.pdf\" target=\"_blank\"><span style=\"color: #000000;\"><strong>ESSALUD &#8211; Seguro Social de Salud<\/strong><\/span><\/a><\/em><\/td>\n<\/tr>\n<tr>\n<td style=\"text-align: center;\"><em><a href=\"https:\/\/www.mac.pe\/wp-content\/uploads\/2025\/10\/INPE.pdf\" target=\"_blank\"><span style=\"color: #000000;\"><strong>INPE \u2013 Instituto Nacional Penitenciario<\/strong><\/span><\/a><\/em><\/td>\n<\/tr>\n<tr>\n<td style=\"text-align: center;\"><a href=\"http:\/\/www.mac.pe\/wp-content\/uploads\/2024\/05\/migraciones-ancash.pdf\" target=\"_blank\"><span style=\"color: #000000;\"><em><strong>MIGRACIONES &#8211; Superintendencia Nacional de Migraciones<\/strong><\/em><\/span><\/a><em><strong><a style=\"color: #ff0000;\" href=\"https:\/\/citaspasaporte.migraciones.gob.pe\/citas-pasaporte-v2\/programar-cita\">(Requiere Cita)<\/a><\/strong><\/em><\/td>\n<\/tr>\n<tr>\n<td style=\"text-align: center;\"><em><a href=\"https:\/\/www.mac.pe\/wp-content\/uploads\/2025\/10\/ONP.pdf\" target=\"_blank\"><span style=\"color: #000000;\"><strong>ONP \u2013 Oficina de Normalizaci\u00f3n Previsional<\/strong><\/span><\/a><\/em><\/td>\n<\/tr>\n<tr>\n<td style=\"text-align: center;\"><em><a href=\"https:\/\/www.mac.pe\/wp-content\/uploads\/2025\/10\/PODER-JUDICIAL.pdf\" target=\"_blank\"><span style=\"color: #000000;\"><strong>PJ \u2013 Poder Judicial<\/strong><\/span><\/a><\/em><\/td>\n<\/tr>\n<tr>\n<td style=\"text-align: center;\"><em><a href=\"https:\/\/www.mac.pe\/wp-content\/uploads\/2025\/10\/RENIEC-PROVINCIAS.pdf\" target=\"_blank\"><span style=\"color: #000000;\"><strong>RENIEC \u2013 Registro Nacional de Identificaci\u00f3n y Estado Civil<\/strong><\/span><\/a><\/em><\/td>\n<\/tr>\n<tr>\n<td style=\"text-align: center;\"><em><a href=\"https:\/\/www.mac.pe\/wp-content\/uploads\/2025\/10\/SUNARP.pdf\" target=\"_blank\"><span style=\"color: #000000;\"><strong>SUNARP \u2013 Superintendencia Nacional de Registros P\u00fablicos<\/strong><\/span><\/a><\/em><\/td>\n<\/tr>\n<tr>\n<td style=\"text-align: center;\"><em><a href=\"https:\/\/www.mac.pe\/wp-content\/uploads\/2025\/10\/SUNAT.pdf\" target=\"_blank\"><span style=\"color: #000000;\"><strong>SUNAT \u2013 Superintendencia Nacional de Administraci\u00f3n Tributaria<\/strong><\/span><\/a><\/em><\/td>\n<\/tr>\n<tr>\n<td style=\"text-align: left;\"><span style=\"color: #000000;\"><em><strong> <\/strong><\/em><\/span><\/td>\n<\/tr>\n<tr>\n<td style=\"text-align: left;\"><strong><em><strong>Formatos de Ayuda<\/strong>:<\/em><\/strong><br \/>\n<a href=\"http:\/\/www.mac.pe\/descargas\/Atencion\/Decla_Jura_Domi.pdf\" target=\"_blank\"><span style=\"color: #000000;\"><em>* Declaraci\u00f3n Jurada de Domicilio<\/em><\/span><\/a><\/td>\n<\/tr>\n<\/tbody>\n<\/table>\n","protected":false},"excerpt":{"rendered":"<p>Centro Comercial Megaplaza Chimbote \u2013 Nivel 2 Av. V\u00edctor Ra\u00fal Haya de la Torre N\u00b0 2964, Chimbote, Santa, \u00c1ncash Relaci\u00f3n de Servicios por Entidad BN &#8211; Banco de la naci\u00f3n DRTC ANCASH &#8211; Direcci\u00f3n Regional de Transportes y Comunicaciones de \u00c1ncash DRTPE ANCASH &#8211; Direcci\u00f3n Regional de Trabajo y Promoci\u00f3n del Empleo de \u00c1ncash ESSALUD [&hellip;]<\/p>\n","protected":false},"author":1,"featured_media":0,"parent":0,"menu_order":0,"comment_status":"closed","ping_status":"open","template":"","meta":{"footnotes":""},"class_list":["post-4002","page","type-page","status-publish","hentry"],"_links":{"self":[{"href":"https:\/\/silva.net.pe\/macpe\/wp-json\/wp\/v2\/pages\/4002","targetHints":{"allow":["GET"]}}],"collection":[{"href":"https:\/\/silva.net.pe\/macpe\/wp-json\/wp\/v2\/pages"}],"about":[{"href":"https:\/\/silva.net.pe\/macpe\/wp-json\/wp\/v2\/types\/page"}],"author":[{"embeddable":true,"href":"https:\/\/silva.net.pe\/macpe\/wp-json\/wp\/v2\/users\/1"}],"replies":[{"embeddable":true,"href":"https:\/\/silva.net.pe\/macpe\/wp-json\/wp\/v2\/comments?post=4002"}],"version-history":[{"count":38,"href":"https:\/\/silva.net.pe\/macpe\/wp-json\/wp\/v2\/pages\/4002\/revisions"}],"predecessor-version":[{"id":4004,"href":"https:\/\/silva.net.pe\/macpe\/wp-json\/wp\/v2\/pages\/4002\/revisions\/4004"}],"wp:attachment":[{"href":"https:\/\/silva.net.pe\/macpe\/wp-json\/wp\/v2\/media?parent=4002"}],"curies":[{"name":"wp","href":"https:\/\/api.w.org\/{rel}","templated":true}]}}