{"id":4136,"date":"2024-06-27T14:59:09","date_gmt":"2024-06-27T19:59:09","guid":{"rendered":"http:\/\/www.mac.pe\/"},"modified":"2025-10-13T18:00:51","modified_gmt":"2025-10-13T23:00:51","slug":"mac-puno","status":"publish","type":"page","link":"https:\/\/silva.net.pe\/macpe\/mac-puno\/","title":{"rendered":"MAC Juliaca (Puno)"},"content":{"rendered":"<address><span style=\"color: #000000;\">Centro Comercial Real Plaza Juliaca<br \/>\n<\/span><\/address>\n<address><span style=\"color: #000000;\"> Jr San Martin 218 Urb. Cercado.  <strong>Juliaca, San Rom\u00e1n, Puno.<br \/>\n<\/strong><\/span><\/address>\n<address><span style=\"color: #000000;\"> <\/span><\/address>\n<address><span style=\"color: #000000;\"> <\/span><\/address>\n<address><span style=\"color: #000000;\"> <\/p>\n<p><\/span><\/address>\n<address><span style=\"color: #000000;\"> <\/span><\/address>\n<h3><span style=\"color: #000000;\"><strong>Relaci\u00f3n de Servicios por Entidad <\/strong><\/span><\/h3>\n<p><a href=\"https:\/\/centrosmac.com\/citas\/\" target=\"_blank\"> <\/a><\/p>\n<p><a href=\"https:\/\/centrosmac.com\/citas\/\" target=\"_blank\"><\/a><\/p>\n<table border=\"0\" cellspacing=\"0\" cellpadding=\"0\" width=\"554\">\n<tbody>\n<tr>\n<td style=\"text-align: center;\"><em><a href=\"https:\/\/www.mac.pe\/wp-content\/uploads\/2025\/10\/BANCO-DE-LA-NACI\u00d3N.pdf\" target=\"_blank\"><span style=\"color: #000000;\"><strong>BN &#8211; Banco de la naci\u00f3n<\/strong><\/span><\/a><\/em><\/td>\n<\/tr>\n<tr>\n<td style=\"text-align: center;\"><em><a href=\"https:\/\/www.mac.pe\/wp-content\/uploads\/2025\/10\/ELECTRO-PUNO-SAA.pdf\" target=\"_blank\"><span style=\"color: #000000;\"><strong>ELECTROPUNO<\/strong><\/span><\/a><\/em><\/td>\n<\/tr>\n<tr>\n<td style=\"text-align: center;\"><em><a href=\"https:\/\/www.mac.pe\/wp-content\/uploads\/2025\/10\/INDECOPI.pdf\" target=\"_blank\"><span style=\"color: #000000;\"><strong>INDECOPI \u2013 Instituto Nacional de Defensa de la Competencia y de la Protecci\u00f3n de la Propiedad Intelectual<\/strong><\/span><\/a><\/em><\/td>\n<\/tr>\n<tr>\n<td style=\"text-align: center;\"><em><a href=\"https:\/\/www.mac.pe\/wp-content\/uploads\/2025\/10\/INPE.pdf\" target=\"_blank\"><span style=\"color: #000000;\"><strong>INPE \u2013 Instituto Nacional Penitenciario<\/strong><\/span><\/a><\/em><\/td>\n<\/tr>\n<tr>\n<td style=\"text-align: center;\"><a href=\"http:\/\/www.mac.pe\/wp-content\/uploads\/2024\/06\/MIGRACIONES-MAC-PUNO.pdf\" target=\"_blank\"><span style=\"color: #000000;\"><em><strong>MIGRACIONES &#8211; Superintendencia Nacional de Migraciones<\/strong><\/em><\/span><\/a><\/td>\n<\/tr>\n<tr>\n<td style=\"text-align: center;\"><em><a href=\"https:\/\/www.mac.pe\/wp-content\/uploads\/2025\/10\/MP-SAN-ROM\u00c1N.pdf\" target=\"_blank\"><span style=\"color: #000000;\"><strong>MP SAN ROMAN &#8211; Municipalidad Provincial de San Rom\u00e1n<\/strong><\/span><\/a><\/em><\/td>\n<\/tr>\n<tr>\n<td style=\"text-align: center;\"><em><a href=\"https:\/\/www.mac.pe\/wp-content\/uploads\/2025\/10\/ONP.pdf\" target=\"_blank\"><span style=\"color: #000000;\"><strong>ONP \u2013 Oficina de Normalizaci\u00f3n Previsional<\/strong><\/span><\/a><\/em><\/td>\n<\/tr>\n<tr>\n<td style=\"text-align: center;\"><em><a href=\"https:\/\/www.mac.pe\/wp-content\/uploads\/2025\/10\/OSIPTEL.pdf\" target=\"_blank\"><span style=\"color: #000000;\"><strong>OSIPTEL &#8211; Organismo Supervisor de Inversi\u00f3n Privada en Telecomunicaciones<\/strong><\/span><\/a><\/em><\/td>\n<\/tr>\n<tr>\n<td style=\"text-align: center;\"><em><a href=\"https:\/\/www.mac.pe\/wp-content\/uploads\/2025\/10\/PODER-JUDICIAL.pdf\" target=\"_blank\"><span style=\"color: #000000;\"><strong>PJ \u2013 Poder Judicial<\/strong><\/span><\/a><\/em><\/td>\n<\/tr>\n<tr>\n<td style=\"text-align: center;\"><em><a href=\"https:\/\/www.mac.pe\/wp-content\/uploads\/2025\/10\/RENIEC-PROVINCIAS.pdf\" target=\"_blank\"><span style=\"color: #000000;\"><strong>RENIEC \u2013 Registro Nacional de Identificaci\u00f3n y Estado Civil<\/strong><\/span><\/a><\/em><\/td>\n<\/tr>\n<tr>\n<td style=\"text-align: center;\"><em><a href=\"https:\/\/www.mac.pe\/wp-content\/uploads\/2025\/10\/SIS.pdf\" target=\"_blank\"><span style=\"color: #000000;\"><strong>SIS &#8211; Seguro Integral de Salud<\/strong><\/span><\/a><\/em><\/td>\n<\/tr>\n<tr>\n<td style=\"text-align: center;\"><em><a href=\"https:\/\/www.mac.pe\/wp-content\/uploads\/2025\/10\/SUNARP.pdf\" target=\"_blank\"><span style=\"color: #000000;\"><strong>SUNARP \u2013 Superintendencia Nacional de Registros P\u00fablicos<\/strong><\/span><\/a><\/em><\/td>\n<\/tr>\n<tr>\n<td style=\"text-align: center;\"><em><a href=\"https:\/\/www.mac.pe\/wp-content\/uploads\/2025\/10\/SUNASS.pdf\" target=\"_blank\"><span style=\"color: #000000;\"><strong>SUNASS &#8211; Superintendencia Nacional de Servicios de Saneamiento<\/strong><\/span><\/a><\/em><\/td>\n<\/tr>\n<tr>\n<td style=\"text-align: center;\"><em><a href=\"https:\/\/www.mac.pe\/wp-content\/uploads\/2025\/10\/SUNAT.pdf\" target=\"_blank\"><span style=\"color: #000000;\"><strong>SUNAT \u2013 Superintendencia Nacional de Administraci\u00f3n Tributaria<\/strong><\/span><\/a><\/em><\/td>\n<\/tr>\n<tr>\n<td style=\"text-align: left;\"><span style=\"color: #000000;\"><em><strong> <\/strong><\/em><\/span><\/td>\n<\/tr>\n<tr>\n<td style=\"text-align: left;\"><strong><em><strong>Formatos de Ayuda<\/strong>:<\/em><\/strong><br \/>\n<a href=\"http:\/\/www.mac.pe\/descargas\/Atencion\/Decla_Jura_Domi.pdf\" target=\"_blank\"><span style=\"color: #000000;\"><em>* Declaraci\u00f3n Jurada de Domicilio<\/em><\/span><\/a>\n<\/td>\n<\/tr>\n<\/tbody>\n<\/table>\n<div class=\"container\" style=\"background: #FAFAFA;\">\n<\/div>\n","protected":false},"excerpt":{"rendered":"<p>Centro Comercial Real Plaza Juliaca Jr San Martin 218 Urb. Cercado. Juliaca, San Rom\u00e1n, Puno. Relaci\u00f3n de Servicios por Entidad BN &#8211; Banco de la naci\u00f3n ELECTROPUNO INDECOPI \u2013 Instituto Nacional de Defensa de la Competencia y de la Protecci\u00f3n de la Propiedad Intelectual INPE \u2013 Instituto Nacional Penitenciario MIGRACIONES &#8211; Superintendencia Nacional de Migraciones [&hellip;]<\/p>\n","protected":false},"author":1,"featured_media":0,"parent":0,"menu_order":0,"comment_status":"closed","ping_status":"open","template":"","meta":{"footnotes":""},"class_list":["post-4136","page","type-page","status-publish","hentry"],"_links":{"self":[{"href":"https:\/\/silva.net.pe\/macpe\/wp-json\/wp\/v2\/pages\/4136","targetHints":{"allow":["GET"]}}],"collection":[{"href":"https:\/\/silva.net.pe\/macpe\/wp-json\/wp\/v2\/pages"}],"about":[{"href":"https:\/\/silva.net.pe\/macpe\/wp-json\/wp\/v2\/types\/page"}],"author":[{"embeddable":true,"href":"https:\/\/silva.net.pe\/macpe\/wp-json\/wp\/v2\/users\/1"}],"replies":[{"embeddable":true,"href":"https:\/\/silva.net.pe\/macpe\/wp-json\/wp\/v2\/comments?post=4136"}],"version-history":[{"count":41,"href":"https:\/\/silva.net.pe\/macpe\/wp-json\/wp\/v2\/pages\/4136\/revisions"}],"predecessor-version":[{"id":4138,"href":"https:\/\/silva.net.pe\/macpe\/wp-json\/wp\/v2\/pages\/4136\/revisions\/4138"}],"wp:attachment":[{"href":"https:\/\/silva.net.pe\/macpe\/wp-json\/wp\/v2\/media?parent=4136"}],"curies":[{"name":"wp","href":"https:\/\/api.w.org\/{rel}","templated":true}]}}