{"id":4299,"date":"2024-09-18T15:33:16","date_gmt":"2024-09-18T20:33:16","guid":{"rendered":"http:\/\/www.mac.pe\/"},"modified":"2025-10-13T17:58:28","modified_gmt":"2025-10-13T22:58:28","slug":"mac-ica","status":"publish","type":"page","link":"https:\/\/silva.net.pe\/macpe\/mac-ica\/","title":{"rendered":"MAC Ica"},"content":{"rendered":"<address><span style=\"color: #000000;\">Centro Comercial Megaplaza Ica \u2013 Nivel 2<br \/>\n<\/span><\/address>\n<address><span style=\"color: #000000;\">Av. Los Maestros N\u00b0 206 &#8211; 208, <strong> Ica, Ica, Ica<br \/>\n<\/strong><\/span><\/address>\n<address><span style=\"color: #000000;\"> <\/span><\/address>\n<address><span style=\"color: #000000;\"> <\/span><\/address>\n<address><span style=\"color: #000000;\"> <\/span><\/address>\n<address><span style=\"color: #000000;\"> <\/span><\/address>\n<h3 style=\"margin-top: 40px;\"><span style=\"color: #000000;\"><strong>Relaci\u00f3n de Servicios por Entidad <\/strong><\/span><\/h3>\n<p><a href=\"https:\/\/centrosmac.com\/citas\/\" target=\"_blank\"> <\/a><\/p>\n<p><a href=\"https:\/\/centrosmac.com\/citas\/\" target=\"_blank\"><\/a><\/p>\n<table border=\"0\" cellspacing=\"0\" cellpadding=\"0\" width=\"554\">\n<tbody>\n<tr>\n<td style=\"text-align: center;\"><em><a href=\"https:\/\/www.mac.pe\/wp-content\/uploads\/2025\/10\/BANCO-DE-LA-NACI\u00d3N.pdf\" target=\"_blank\"><span style=\"color: #000000;\"><strong>BN &#8211; Banco de la naci\u00f3n<\/strong><\/span><\/a><\/em><\/td>\n<\/tr>\n<tr>\n<td style=\"text-align: center;\"><em><a href=\"https:\/\/www.mac.pe\/wp-content\/uploads\/2025\/10\/DRTPE-ICA.pdf\" target=\"_blank\"><span style=\"color: #000000;\"><strong>DRTPE ICA &#8211; Direcci\u00f3n Regional de Trabajo y Promoci\u00f3n del Empleo de Ica<\/strong><\/span><\/a><\/em><\/td>\n<\/tr>\n<tr>\n<td style=\"text-align: center;\"><em><a href=\"https:\/\/www.mac.pe\/wp-content\/uploads\/2025\/10\/ESSALUD.pdf\" target=\"_blank\"><span style=\"color: #000000;\"><strong>ESSALUD &#8211; Seguro Social de Salud<\/strong><\/span><\/a><\/em><\/td>\n<\/tr>\n<tr>\n<td style=\"text-align: center;\"><a href=\"http:\/\/www.mac.pe\/wp-content\/uploads\/2025\/05\/migraciones-2.pdf\" target=\"_blank\"><span style=\"color: #000000;\"><em><strong>MIGRACIONES &#8211; Superintendencia Nacional de Migraciones<\/strong><\/em><\/span><\/a><em><strong><a style=\"color: #ff0000;\" href=\"https:\/\/citaspasaporte.migraciones.gob.pe\/citas-pasaporte-v2\/programar-cita\">(Requiere Cita)<\/a><\/strong><\/em><\/td>\n<\/tr>\n<tr>\n<td style=\"text-align: center;\"><em><a href=\"https:\/\/www.mac.pe\/wp-content\/uploads\/2025\/10\/ONP.pdf\" target=\"_blank\"><span style=\"color: #000000;\"><strong>ONP \u2013 Oficina de Normalizaci\u00f3n Previsional<\/strong><\/span><\/a><\/em><\/td>\n<\/tr>\n<tr>\n<td style=\"text-align: center;\"><em><a href=\"https:\/\/www.mac.pe\/wp-content\/uploads\/2025\/10\/OSIPTEL.pdf\" target=\"_blank\"><span style=\"color: #000000;\"><strong>OSIPTEL &#8211; Organismo Supervisor de Inversi\u00f3n Privada en Telecomunicaciones<\/strong><\/span><\/a><\/em><\/td>\n<\/tr>\n<tr>\n<td style=\"text-align: center;\"><em><a href=\"https:\/\/www.mac.pe\/wp-content\/uploads\/2025\/10\/PODER-JUDICIAL.pdf\" target=\"_blank\"><span style=\"color: #000000;\"><strong>PJ \u2013 Poder Judicial<\/strong><\/span><\/a><\/em><\/td>\n<\/tr>\n<tr>\n<td style=\"text-align: center;\"><em><a href=\"https:\/\/www.mac.pe\/wp-content\/uploads\/2025\/10\/RENIEC-PROVINCIAS.pdf\" target=\"_blank\"><span style=\"color: #000000;\"><strong>RENIEC \u2013 Registro Nacional de Identificaci\u00f3n y Estado Civil<\/strong><\/span><\/a><\/em><\/td>\n<\/tr>\n<tr>\n<td style=\"text-align: center;\"><em><a href=\"https:\/\/www.mac.pe\/wp-content\/uploads\/2025\/10\/SAT-ICA.pdf\" target=\"_blank\"><span style=\"color: #000000;\"><strong>SAT ICA &#8211; Servicio de Administraci\u00f3n Tributaria de Ica<\/strong><\/span><\/a><\/em><\/td>\n<\/tr>\n<tr>\n<td style=\"text-align: center;\"><em><a href=\"https:\/\/www.mac.pe\/wp-content\/uploads\/2025\/10\/SIS.pdf\" target=\"_blank\"><span style=\"color: #000000;\"><strong>SIS &#8211; Seguro Integral de Salud<\/strong><\/span><\/a><\/em><\/td>\n<\/tr>\n<tr>\n<td style=\"text-align: center;\"><em><a href=\"https:\/\/www.mac.pe\/wp-content\/uploads\/2025\/10\/SUNARP.pdf\" target=\"_blank\"><span style=\"color: #000000;\"><strong>SUNARP \u2013 Superintendencia Nacional de Registros P\u00fablicos<\/strong><\/span><\/a><\/em><\/td>\n<\/tr>\n<tr>\n<td style=\"text-align: center;\"><em><a href=\"https:\/\/www.mac.pe\/wp-content\/uploads\/2025\/10\/SUNASS.pdf\" target=\"_blank\"><span style=\"color: #000000;\"><strong>SUNASS &#8211; Superintendencia Nacional de Servicios de Saneamiento<\/strong><\/span><\/a><\/em><\/td>\n<\/tr>\n<tr>\n<td style=\"text-align: center;\"><em><a href=\"https:\/\/www.mac.pe\/wp-content\/uploads\/2025\/10\/SUNAT.pdf\" target=\"_blank\"><span style=\"color: #000000;\"><strong>SUNAT \u2013 Superintendencia Nacional de Administraci\u00f3n Tributaria<\/strong><\/span><\/a><\/em><\/td>\n<\/tr>\n<tr>\n<td style=\"text-align: center;\"><span style=\"color: #0000ff;\"> <\/span> <a href=\"http:\/\/www.mac.pe\/wp-content\/uploads\/2024\/09\/SIS.pdf\" target=\"_blank\"><span style=\"color: #000000;\"><strong><em>SIS \u2013 Seguro Integral de Salud<\/em><\/strong><\/span><\/a><span style=\"color: #000000;\"> <\/span><\/td>\n<\/tr>\n<tr>\n<td style=\"text-align: center;\"><span style=\"color: #0000ff;\"> <\/span> <a href=\"http:\/\/www.mac.pe\/wp-content\/uploads\/2024\/09\/SUNARP.pdf\" target=\"_blank\"><span style=\"color: #000000;\"><strong><em>SUNARP \u2013 Superintendencia Nacional de Registros P\u00fablicos<\/em><\/strong><\/span><\/a><span style=\"color: #000000;\"> <\/span><\/td>\n<\/tr>\n<tr>\n<td style=\"text-align: center;\"><span style=\"color: #0000ff;\"> <\/span> <a href=\"http:\/\/www.mac.pe\/wp-content\/uploads\/2024\/09\/SUNAT.pdf\" target=\"_blank\"><span style=\"color: #000000;\"><strong><em>SUNAT \u2013 Superintendencia Nacional de Administraci\u00f3n Tributaria<\/em><\/strong><\/span><\/a><span style=\"color: #000000;\"> <\/span><\/td>\n<\/tr>\n<tr>\n<td style=\"text-align: left;\"><span style=\"color: #000000;\"><em><strong> <\/strong><\/em><\/span><\/td>\n<\/tr>\n<tr>\n<td style=\"text-align: left;\"><strong><em><strong>Formatos de Ayuda<\/strong>:<\/em><\/strong><br \/>\n<a href=\"http:\/\/www.mac.pe\/descargas\/Atencion\/Decla_Jura_Domi.pdf\" target=\"_blank\"><span style=\"color: #000000;\"><em>* Declaraci\u00f3n Jurada de Domicilio<\/em><\/span><\/a><br \/>\n<a href=\"http:\/\/www.mac.pe\/descargas\/Atencion\/dec_jur_per_rob.pdf\" target=\"_blank\"><span style=\"color: #000000;\"><em>* Declaraci\u00f3n Jurada de P\u00e9rdida o Robo de Licencia de Conducir<\/em><\/span><\/a><br \/>\n<a href=\"http:\/\/www.mac.pe\/descargas\/Atencion\/dec_jur.pdf\" target=\"_blank\"><span style=\"color: #000000;\"><em>* Declaraci\u00f3n Jurada para Recojo de Licencia<\/em><\/span><\/a><br \/>\n<a href=\"http:\/\/www.mac.pe\/descargas\/Atencion\/Pasos_para_constituir_una_Pers_jur_ficha_const.pdf\" target=\"_blank\"><span style=\"color: #000000;\"><em>* Pasos para constituir una Persona Jur\u00eddica y Ficha de Constituci\u00f3n <\/em><\/span><\/a><\/td>\n<\/tr>\n<\/tbody>\n<\/table>\n","protected":false},"excerpt":{"rendered":"<p>Centro Comercial Megaplaza Ica \u2013 Nivel 2 Av. Los Maestros N\u00b0 206 &#8211; 208, Ica, Ica, Ica Relaci\u00f3n de Servicios por Entidad BN &#8211; Banco de la naci\u00f3n DRTPE ICA &#8211; Direcci\u00f3n Regional de Trabajo y Promoci\u00f3n del Empleo de Ica ESSALUD &#8211; Seguro Social de Salud MIGRACIONES &#8211; Superintendencia Nacional de Migraciones(Requiere Cita) ONP [&hellip;]<\/p>\n","protected":false},"author":1,"featured_media":0,"parent":0,"menu_order":0,"comment_status":"closed","ping_status":"open","template":"","meta":{"footnotes":""},"class_list":["post-4299","page","type-page","status-publish","hentry"],"_links":{"self":[{"href":"https:\/\/silva.net.pe\/macpe\/wp-json\/wp\/v2\/pages\/4299","targetHints":{"allow":["GET"]}}],"collection":[{"href":"https:\/\/silva.net.pe\/macpe\/wp-json\/wp\/v2\/pages"}],"about":[{"href":"https:\/\/silva.net.pe\/macpe\/wp-json\/wp\/v2\/types\/page"}],"author":[{"embeddable":true,"href":"https:\/\/silva.net.pe\/macpe\/wp-json\/wp\/v2\/users\/1"}],"replies":[{"embeddable":true,"href":"https:\/\/silva.net.pe\/macpe\/wp-json\/wp\/v2\/comments?post=4299"}],"version-history":[{"count":18,"href":"https:\/\/silva.net.pe\/macpe\/wp-json\/wp\/v2\/pages\/4299\/revisions"}],"predecessor-version":[{"id":4311,"href":"https:\/\/silva.net.pe\/macpe\/wp-json\/wp\/v2\/pages\/4299\/revisions\/4311"}],"wp:attachment":[{"href":"https:\/\/silva.net.pe\/macpe\/wp-json\/wp\/v2\/media?parent=4299"}],"curies":[{"name":"wp","href":"https:\/\/api.w.org\/{rel}","templated":true}]}}