{"id":4451,"date":"2025-05-08T21:44:56","date_gmt":"2025-05-09T02:44:56","guid":{"rendered":"http:\/\/www.mac.pe\/"},"modified":"2025-10-13T17:48:38","modified_gmt":"2025-10-13T22:48:38","slug":"mac-ayacucho","status":"publish","type":"page","link":"https:\/\/silva.net.pe\/macpe\/mac-ayacucho\/","title":{"rendered":"MAC Ayacucho"},"content":{"rendered":"<address><span style=\"color: #000000;\">Terrapuerto Municipal Libertadores de Am\u00e9rica &#8211; Nivel 2<\/span><\/address>\n<address><span style=\"color: #000000;\">Av. P\u00e9rez de Cuellar S\/N \u2013 Los Artesanos,  <strong> Ayacucho <\/strong><\/p>\n<p><\/span><\/address>\n<address><span style=\"color: #000000;\"><strong><br \/>\n<\/strong><\/span><\/address>\n<address><span style=\"color: #000000;\"> <\/span><\/address>\n<address><span style=\"color: #000000;\"> <\/span><\/address>\n<address><span style=\"color: #000000;\"> <\/span><\/address>\n<address><span style=\"color: #000000;\"> <\/span><\/address>\n<address><span style=\"color: #000000;\"> <\/span><\/address>\n<p><a href=\"https:\/\/centrosmac.com\/citas\/\" target=\"_blank\"> <\/a><\/p>\n<p><a href=\"https:\/\/centrosmac.com\/citas\/\" target=\"_blank\"><\/a><\/p>\n<table border=\"0\" cellspacing=\"0\" cellpadding=\"0\" width=\"554\">\n<tbody>\n<tr>\n<td style=\"text-align: center;\"><em><a href=\"https:\/\/www.mac.pe\/wp-content\/uploads\/2025\/10\/BANCO-DE-LA-NACI\u00d3N.pdf\" target=\"_blank\"><span style=\"color: #000000;\"><strong>BN &#8211; Banco de la naci\u00f3n<\/strong><\/span><\/a><\/em><\/td>\n<\/tr>\n<tr>\n<td style=\"text-align: center;\"><em><a href=\"https:\/\/www.mac.pe\/wp-content\/uploads\/2025\/10\/DRTPE-AYACUCHO.pdf\" target=\"_blank\"><span style=\"color: #000000;\"><strong>DRTPE AYACUCHO &#8211; Direcci\u00f3n Regional de Trabajo y Promoci\u00f3n del Empleo de Ayacucho<\/strong><\/span><\/a><\/em><\/td>\n<\/tr>\n<tr>\n<td style=\"text-align: center;\"><em><a href=\"https:\/\/www.mac.pe\/wp-content\/uploads\/2025\/10\/ELECTROCENTRO.pdf\" target=\"_blank\"><span style=\"color: #000000;\"><strong>ELECTROCENTRO<\/strong><\/span><\/a><\/em><\/td>\n<\/tr>\n<tr>\n<td style=\"text-align: center;\"><em><a href=\"https:\/\/www.mac.pe\/wp-content\/uploads\/2025\/10\/ESSALUD.pdf\" target=\"_blank\"><span style=\"color: #000000;\"><strong>ESSALUD &#8211; Seguro Social de Salud<\/strong><\/span><\/a><\/em><\/td>\n<\/tr>\n<tr>\n<td style=\"text-align: center;\"><em><a href=\"http:\/\/www.mac.pe\/wp-content\/uploads\/2025\/05\/GORE-AYACUCHO-\u2013-Gobierno-Regional-de-Ayacucho-DRTPE.pdf\" target=\"_blank\"><span style=\"color: #000000;\"><strong> GORE AYACUCHO &#8211; Gobierno Regional de Ayacucho<\/strong><\/span><\/a><\/em><\/td>\n<\/tr>\n<tr>\n<td style=\"text-align: center;\"><em><a href=\"https:\/\/www.mac.pe\/wp-content\/uploads\/2025\/10\/INPE.pdf\" target=\"_blank\"><span style=\"color: #000000;\"><strong>INPE \u2013 Instituto Nacional Penitenciario<\/strong><\/span><\/a><\/em><\/td>\n<\/tr>\n<tr>\n<td style=\"text-align: center;\"><em><a href=\"http:\/\/www.mac.pe\/wp-content\/uploads\/2025\/05\/MIGRACIONES-1.pdf\" target=\"_blank\"><span style=\"color: #000000;\"><strong> MIGRACIONES &#8211; Superintendencia Nacional de Migraciones<\/strong><\/span><\/a><\/em><\/td>\n<\/tr>\n<tr>\n<td style=\"text-align: center;\"><em><a href=\"https:\/\/www.mac.pe\/wp-content\/uploads\/2025\/10\/MP-HUAMANGA.pdf\" target=\"_blank\"><span style=\"color: #000000;\"><strong>MP HUAMANGA &#8211; Municipalidad Provincial de Huamanga<\/strong><\/span><\/a><\/em><\/td>\n<\/tr>\n<tr>\n<td style=\"text-align: center;\"><em><a href=\"https:\/\/www.mac.pe\/wp-content\/uploads\/2025\/10\/ONP.pdf\" target=\"_blank\"><span style=\"color: #000000;\"><strong>ONP \u2013 Oficina de Normalizaci\u00f3n Previsional<\/strong><\/span><\/a><\/em><\/td>\n<\/tr>\n<tr>\n<td style=\"text-align: center;\"><em><a href=\"https:\/\/www.mac.pe\/wp-content\/uploads\/2025\/10\/PODER-JUDICIAL.pdf\" target=\"_blank\"><span style=\"color: #000000;\"><strong>PJ \u2013 Poder Judicial<\/strong><\/span><\/a><\/em><\/td>\n<\/tr>\n<tr>\n<td style=\"text-align: center;\"><em><a href=\"https:\/\/www.mac.pe\/wp-content\/uploads\/2025\/10\/RENIEC-PROVINCIAS.pdf\" target=\"_blank\"><span style=\"color: #000000;\"><strong>RENIEC \u2013 Registro Nacional de Identificaci\u00f3n y Estado Civil<\/strong><\/span><\/a><\/em><\/td>\n<\/tr>\n<tr>\n<td style=\"text-align: center;\"><em><a href=\"https:\/\/www.mac.pe\/wp-content\/uploads\/2025\/10\/SAT-HUAMANGA.pdf\" target=\"_blank\"><span style=\"color: #000000;\"><strong>SAT HUAMANGA &#8211; Servicio de Administraci\u00f3n Tributaria de Huamanga<\/strong><\/span><\/a><\/em><\/td>\n<\/tr>\n<tr>\n<td style=\"text-align: center;\"><em><a href=\"\" target=\"_blank\"><span style=\"color: #000000;\"><strong> SEDA AYACUCHO &#8211; Servicio de Agua Potable y Alcantarillado de Ayacucho<\/strong><\/span><\/a><\/em><\/td>\n<\/tr>\n<tr>\n<td style=\"text-align: center;\"><em><a href=\"https:\/\/www.mac.pe\/wp-content\/uploads\/2025\/10\/SIS.pdf\" target=\"_blank\"><span style=\"color: #000000;\"><strong>SIS &#8211; Seguro Integral de Salud<\/strong><\/span><\/a><\/em><\/td>\n<\/tr>\n<tr>\n<td style=\"text-align: center;\"><em><a href=\"https:\/\/www.mac.pe\/wp-content\/uploads\/2025\/10\/SUNARP.pdf\" target=\"_blank\"><span style=\"color: #000000;\"><strong>SUNARP \u2013 Superintendencia Nacional de Registros P\u00fablicos<\/strong><\/span><\/a><\/em><\/td>\n<\/tr>\n<tr>\n<td style=\"text-align: center;\"><em><a href=\"https:\/\/www.mac.pe\/wp-content\/uploads\/2025\/10\/SUNASS.pdf\" target=\"_blank\"><span style=\"color: #000000;\"><strong>SUNASS &#8211; Superintendencia Nacional de Servicios de Saneamiento<\/strong><\/span><\/a><\/em><\/td>\n<\/tr>\n<tr>\n<td style=\"text-align: center;\"><em><a href=\"https:\/\/www.mac.pe\/wp-content\/uploads\/2025\/10\/SUNAT.pdf\" target=\"_blank\"><span style=\"color: #000000;\"><strong>SUNAT \u2013 Superintendencia Nacional de Administraci\u00f3n Tributaria<\/strong><\/span><\/a><\/em><\/td>\n<\/tr>\n<p><\/strong><\/span><\/address>\n<address><span style=\"color: #000000;\"> <\/span><\/address>\n<address><span style=\"color: #000000;\"> <\/span><\/address>\n<address><span style=\"color: #000000;\"> <\/span><\/address>\n<address><span style=\"color: #000000;\"> <\/span><\/address>\n<h3><span style=\"color: #000000;\"><strong>Relaci\u00f3n de Servicios por Entidad <\/strong><\/span><\/h3>\n<table border=\"0\" cellspacing=\"0\" cellpadding=\"0\" width=\"554\">\n<tbody>\n<tr>\n<td style=\"text-align: left;\"><span style=\"color: #000000;\"><em><strong> <\/strong><\/em><\/span><\/td>\n<\/tr>\n<tr>\n<td style=\"text-align: left;\"><strong><em><strong>Formatos de Ayuda<\/strong>:<\/em><\/strong><br \/>\n<a href=\"http:\/\/www.mac.pe\/descargas\/Atencion\/Decla_Jura_Domi.pdf\" target=\"_blank\"><span style=\"color: #000000;\"><em>* Declaraci\u00f3n Jurada de Domicilio<\/em><\/span><\/a><br \/>\n<a href=\"http:\/\/www.mac.pe\/descargas\/Atencion\/dec_jur_per_rob.pdf\" target=\"_blank\"><span style=\"color: #000000;\"><em>* Declaraci\u00f3n Jurada de P\u00e9rdida o Robo de Licencia de Conducir<\/em><\/span><\/a><br \/>\n<a href=\"http:\/\/www.mac.pe\/descargas\/Atencion\/dec_jur.pdf\" target=\"_blank\"><span style=\"color: #000000;\"><em>* Declaraci\u00f3n Jurada para Recojo de Licencia<\/em><\/span><\/a><\/td>\n<\/tr>\n<\/tbody>\n<\/table>\n","protected":false},"excerpt":{"rendered":"<p>Terrapuerto Municipal Libertadores de Am\u00e9rica &#8211; Nivel 2 Av. P\u00e9rez de Cuellar S\/N \u2013 Los Artesanos, Ayacucho BN &#8211; Banco de la naci\u00f3n DRTPE AYACUCHO &#8211; Direcci\u00f3n Regional de Trabajo y Promoci\u00f3n del Empleo de Ayacucho ELECTROCENTRO ESSALUD &#8211; Seguro Social de Salud GORE AYACUCHO &#8211; Gobierno Regional de Ayacucho INPE \u2013 Instituto Nacional Penitenciario [&hellip;]<\/p>\n","protected":false},"author":1,"featured_media":0,"parent":0,"menu_order":0,"comment_status":"closed","ping_status":"open","template":"","meta":{"footnotes":""},"class_list":["post-4451","page","type-page","status-publish","hentry"],"_links":{"self":[{"href":"https:\/\/silva.net.pe\/macpe\/wp-json\/wp\/v2\/pages\/4451","targetHints":{"allow":["GET"]}}],"collection":[{"href":"https:\/\/silva.net.pe\/macpe\/wp-json\/wp\/v2\/pages"}],"about":[{"href":"https:\/\/silva.net.pe\/macpe\/wp-json\/wp\/v2\/types\/page"}],"author":[{"embeddable":true,"href":"https:\/\/silva.net.pe\/macpe\/wp-json\/wp\/v2\/users\/1"}],"replies":[{"embeddable":true,"href":"https:\/\/silva.net.pe\/macpe\/wp-json\/wp\/v2\/comments?post=4451"}],"version-history":[{"count":29,"href":"https:\/\/silva.net.pe\/macpe\/wp-json\/wp\/v2\/pages\/4451\/revisions"}],"predecessor-version":[{"id":4458,"href":"https:\/\/silva.net.pe\/macpe\/wp-json\/wp\/v2\/pages\/4451\/revisions\/4458"}],"wp:attachment":[{"href":"https:\/\/silva.net.pe\/macpe\/wp-json\/wp\/v2\/media?parent=4451"}],"curies":[{"name":"wp","href":"https:\/\/api.w.org\/{rel}","templated":true}]}}