{"id":525,"date":"2012-08-26T13:16:11","date_gmt":"2012-08-26T18:16:11","guid":{"rendered":"http:\/\/www.mac.pe\/"},"modified":"2025-10-13T17:52:19","modified_gmt":"2025-10-13T22:52:19","slug":"mac-callao","status":"publish","type":"page","link":"https:\/\/silva.net.pe\/macpe\/mac-callao\/","title":{"rendered":"MAC Callao"},"content":{"rendered":"<address><span style=\"color: #000000;\">Centro Comercial Mall Plaza Bellavista  \u2013 S\u00f3tano<\/span><\/address>\n<address><span style=\"color: #000000;\">Av. Oscar Benavides N\u00ba 3866, Urb. El \u00c1guila, <strong>Bellavista, Callao<\/strong><\/span><\/address>\n<address><span style=\"color: #000000;\"> <\/span><\/address>\n<address><span style=\"color: #000000;\"><\/p>\n<p><\/span><\/address>\n<address><span style=\"color: #000000;\"> <\/span><\/address>\n<h3><span style=\"color: #000000;\"><strong>Relaci\u00f3n de Servicios por Entidad <\/strong><\/span><\/h3>\n<p><a href=\"https:\/\/centrosmac.com\/citas\/\" target=\"_blank\"> <\/a><\/p>\n<table border=\"1\" cellspacing=\"0\" cellpadding=\"0\" width=\"554\">\n<tbody>\n<tr>\n<td style=\"text-align: center;\"><em><a href=\"https:\/\/www.mac.pe\/wp-content\/uploads\/2025\/10\/BANCO-DE-LA-NACI\u00d3N.pdf\" target=\"_blank\"><span style=\"color: #000000;\"><strong>BN &#8211; Banco de la naci\u00f3n<\/strong><\/span><\/a><\/em><\/td>\n<\/tr>\n<tr>\n<td style=\"text-align: center;\"><em><a href=\"https:\/\/www.mac.pe\/wp-content\/uploads\/2025\/10\/ESSALUD.pdf\" target=\"_blank\"><span style=\"color: #000000;\"><strong>ESSALUD &#8211; Seguro Social de Salud<\/strong><\/span><\/a><\/em><\/td>\n<\/tr>\n<tr>\n<td style=\"text-align: center;\"><em><a href=\"https:\/\/www.mac.pe\/wp-content\/uploads\/2025\/10\/GRDE-CALLAO.pdf\" target=\"_blank\"><span style=\"color: #000000;\"><strong>GRDE CALLAO &#8211; Gobierno Regional del Callao<\/strong><\/span><\/a><\/em><\/td>\n<\/tr>\n<tr>\n<td style=\"text-align: center;\"><em><a href=\"https:\/\/www.mac.pe\/wp-content\/uploads\/2025\/10\/GRTC.-AREQUIPA-CALLAO.pdf\" target=\"_blank\"><span style=\"color: #000000;\"><strong>GRTC CALLAO &#8211; Gerencia Regional de Transportes y Comunicaciones del Callao<\/strong><\/span><\/a><\/em><\/td>\n<\/tr>\n<tr>\n<td style=\"text-align: center;\"><em><a href=\"https:\/\/www.mac.pe\/wp-content\/uploads\/2025\/10\/INDECOPI.pdf\" target=\"_blank\"><span style=\"color: #000000;\"><strong>INDECOPI \u2013 Instituto Nacional de Defensa de la Competencia y de la Protecci\u00f3n de la Propiedad Intelectual<\/strong><\/span><\/a><\/em><\/td>\n<\/tr>\n<tr>\n<td style=\"text-align: center;\"><em><a href=\"https:\/\/www.mac.pe\/wp-content\/uploads\/2025\/10\/INPE.pdf\" target=\"_blank\"><span style=\"color: #000000;\"><strong>INPE \u2013 Instituto Nacional Penitenciario<\/strong><\/span><\/a><\/em><\/td>\n<\/tr>\n<tr>\n<td style=\"text-align: center;\"><em><a href=\"https:\/\/www.mac.pe\/wp-content\/uploads\/2025\/10\/MININTER.pdf\" target=\"_blank\"><span style=\"color: #000000;\"><strong>MININTER &#8211; Ministerio del Interior<\/strong><\/span><\/a><\/em><\/td>\n<\/tr>\n<tr>\n<td style=\"text-align: center;\"><em><a href=\"https:\/\/www.mac.pe\/wp-content\/uploads\/2025\/10\/MP-CALLAO.pdf\" target=\"_blank\"><span style=\"color: #000000;\"><strong>MP CALLAO &#8211; Municipalidad Provincial del Callao<\/strong><\/span><\/a><\/em><\/td>\n<\/tr>\n<tr>\n<td style=\"text-align: center;\"><em><a href=\"https:\/\/www.mac.pe\/wp-content\/uploads\/2025\/10\/MRE.pdf\" target=\"_blank\"><span style=\"color: #000000;\"><strong>MRE &#8211; Ministerio de Relaciones Exteriores<\/strong><\/span><\/a><\/em><\/td>\n<\/tr>\n<tr>\n<td style=\"text-align: center;\"><em><a href=\"https:\/\/www.mac.pe\/wp-content\/uploads\/2025\/10\/ONP.pdf\" target=\"_blank\"><span style=\"color: #000000;\"><strong>ONP \u2013 Oficina de Normalizaci\u00f3n Previsional<\/strong><\/span><\/a><\/em><\/td>\n<\/tr>\n<tr>\n<td style=\"text-align: center;\"><em><a href=\"https:\/\/www.mac.pe\/wp-content\/uploads\/2025\/10\/PODER-JUDICIAL.pdf\" target=\"_blank\"><span style=\"color: #000000;\"><strong>PJ \u2013 Poder Judicial<\/strong><\/span><\/a><\/em><\/td>\n<\/tr>\n<tr>\n<td style=\"text-align: center;\"><em><a href=\"https:\/\/www.mac.pe\/wp-content\/uploads\/2025\/10\/RENIEC-PROVINCIAS.pdf\" target=\"_blank\"><span style=\"color: #000000;\"><strong>RENIEC \u2013 Registro Nacional de Identificaci\u00f3n y Estado Civil<\/strong><\/span><\/a><\/em><\/td>\n<\/tr>\n<tr>\n<td style=\"text-align: center;\"><em><a href=\"https:\/\/www.mac.pe\/wp-content\/uploads\/2025\/10\/SUNAFIL-1.pdf\" target=\"_blank\"><span style=\"color: #000000;\"><strong>SUNAFIL &#8211; Superintendencia Nacional de Fiscalizaci\u00f3n Laboral<\/strong><\/span><\/a><\/em><\/td>\n<\/tr>\n<tr>\n<td style=\"text-align: center;\"><em><a href=\"https:\/\/www.mac.pe\/wp-content\/uploads\/2025\/10\/SUNARP.pdf\" target=\"_blank\"><span style=\"color: #000000;\"><strong>SUNARP \u2013 Superintendencia Nacional de Registros P\u00fablicos<\/strong><\/span><\/a><\/em><\/td>\n<\/tr>\n<tr>\n<td style=\"text-align: center;\"><em><a href=\"https:\/\/www.mac.pe\/wp-content\/uploads\/2025\/10\/SUNAT.pdf\" target=\"_blank\"><span style=\"color: #000000;\"><strong>SUNAT \u2013 Superintendencia Nacional de Administraci\u00f3n Tributaria<\/strong><\/span><\/a><\/em><\/td>\n<\/tr>\n<tr>\n<td style=\"text-align: center;\"><em><a href=\"https:\/\/www.mac.pe\/wp-content\/uploads\/2025\/10\/SUNEDU.pdf\" target=\"_blank\"><span style=\"color: #000000;\"><strong>SUNEDU \u2013 Superintendencia Nacional de Educaci\u00f3n Superior Universitaria<\/strong><\/span><\/a><\/em><\/td>\n<\/tr>\n<tr>\n<td style=\"text-align: left;\"><strong><em>Formatos de Ayuda:<\/em><\/strong><br \/>\n<a class=\"entidad\" href=\"http:\/\/www.mac.pe\/descargas\/Atencion\/Decla_Jura_Domi.pdf\" target=\"_blank\"><span style=\"color: #000000;\"><em>* Declaraci\u00f3n Jurada de Domicilio<\/em><\/span><\/a><\/td>\n<\/tr>\n<\/tbody>\n<\/table>\n<p><!-- MAC CALLAO--><\/p>\n<div class=\"container\" style=\"background: #FAFAFA;\">\n<h3 style=\"margin-top: 15px;\">MAC Callao<\/h3>\n<\/div>\n","protected":false},"excerpt":{"rendered":"<p>Centro Comercial Mall Plaza Bellavista \u2013 S\u00f3tano Av. Oscar Benavides N\u00ba 3866, Urb. El \u00c1guila, Bellavista, Callao Relaci\u00f3n de Servicios por Entidad BN &#8211; Banco de la naci\u00f3n ESSALUD &#8211; Seguro Social de Salud GRDE CALLAO &#8211; Gobierno Regional del Callao GRTC CALLAO &#8211; Gerencia Regional de Transportes y Comunicaciones del Callao INDECOPI \u2013 Instituto [&hellip;]<\/p>\n","protected":false},"author":1,"featured_media":0,"parent":0,"menu_order":0,"comment_status":"closed","ping_status":"open","template":"","meta":{"footnotes":""},"class_list":["post-525","page","type-page","status-publish","hentry"],"_links":{"self":[{"href":"https:\/\/silva.net.pe\/macpe\/wp-json\/wp\/v2\/pages\/525","targetHints":{"allow":["GET"]}}],"collection":[{"href":"https:\/\/silva.net.pe\/macpe\/wp-json\/wp\/v2\/pages"}],"about":[{"href":"https:\/\/silva.net.pe\/macpe\/wp-json\/wp\/v2\/types\/page"}],"author":[{"embeddable":true,"href":"https:\/\/silva.net.pe\/macpe\/wp-json\/wp\/v2\/users\/1"}],"replies":[{"embeddable":true,"href":"https:\/\/silva.net.pe\/macpe\/wp-json\/wp\/v2\/comments?post=525"}],"version-history":[{"count":172,"href":"https:\/\/silva.net.pe\/macpe\/wp-json\/wp\/v2\/pages\/525\/revisions"}],"predecessor-version":[{"id":530,"href":"https:\/\/silva.net.pe\/macpe\/wp-json\/wp\/v2\/pages\/525\/revisions\/530"}],"wp:attachment":[{"href":"https:\/\/silva.net.pe\/macpe\/wp-json\/wp\/v2\/media?parent=525"}],"curies":[{"name":"wp","href":"https:\/\/api.w.org\/{rel}","templated":true}]}}