{"id":81,"date":"2011-01-12T23:18:19","date_gmt":"2011-01-12T23:18:19","guid":{"rendered":"http:\/\/pcm.gappstest.com\/"},"modified":"2025-09-30T15:58:02","modified_gmt":"2025-09-30T20:58:02","slug":"que-es-mac","status":"publish","type":"page","link":"https:\/\/silva.net.pe\/macpe\/que-es-mac\/","title":{"rendered":""},"content":{"rendered":"<p><strong><span style=\"text-decoration: underline;\">\u00bfQu\u00e9 son los Centros MAC?<\/span><\/strong><\/p>\n<p style=\"text-align: justify;\">La Presidencia del Consejo de Ministros a trav\u00e9s de la Secretar\u00eda de Gesti\u00f3n P\u00fablica, rector del Sistema Administrativo de Modernizaci\u00f3n de la Gesti\u00f3n P\u00fablica, propone, articula, implementa y eval\u00faa la Pol\u00edtica Nacional de Modernizaci\u00f3n de la Gesti\u00f3n P\u00fablica y, de la coordinaci\u00f3n y direcci\u00f3n del proceso de modernizaci\u00f3n de la gesti\u00f3n del Estado; promueve, as\u00ed, la implementaci\u00f3n de programas, proyectos o mecanismos destinados a mejorar la atenci\u00f3n a la ciudadan\u00eda, en coordinaci\u00f3n con las entidades p\u00fablicas o privadas, asimismo promueve la cultura de calidad e innovaci\u00f3n p\u00fablica en la prestaci\u00f3n de bienes y servicios a la ciudadan\u00eda.<\/p>\n<p style=\"text-align: justify;\">Los Centros MAC son espacios f\u00edsicos de atenci\u00f3n en los que se prestan servicios (orientaci\u00f3n, gesti\u00f3n, tramitaci\u00f3n de procedimientos y servicios de atenci\u00f3n al ciudadano) de diversas entidades p\u00fablicas en un mismo espacio f\u00edsico. Como parte de la estrategia denominada \u201cMejor Atenci\u00f3n al Ciudadano\u201d, tienen la finalidad de ampliar y optimizar los servicios del Estado para una mejor atenci\u00f3n al ciudadano a trav\u00e9s de este canal de atenci\u00f3n presencial. Brindando orientaci\u00f3n y gesti\u00f3n u obtenci\u00f3n de servicios y tr\u00e1mites de diversas entidades p\u00fablicas.<\/p>\n<p style=\"text-align: justify;\">Actualmente, en los Centros MAC los ciudadanos pueden acceder a m\u00e1s de 540 tr\u00e1mites y servicios de m\u00e1s de 50 entidades p\u00fablicas para brindar al ciudadano, rapidez, confianza, transparencia y comodidad en un solo lugar de f\u00e1cil acceso para ciudadan\u00eda, ahorrando tiempo y dinero en traslados innecesarios para la ejecuci\u00f3n de tr\u00e1mites<\/p>\n<p style=\"text-align: justify;\">Somos \u00fanico centro unificado de atenci\u00f3n al ciudadano y un modelo reconocido de buenas pr\u00e1cticas en gesti\u00f3n p\u00fablica.<\/p>\n<p><strong><span style=\"text-decoration: underline;\">Caracter\u00edsticas de MAC:<\/span><\/strong><\/p>\n<p>\u2022\tVisi\u00f3n del Estado al servicio del ciudadano<br \/>\n\u2022\tOferta de varios servicios p\u00fablicos en un solo lugar<br \/>\n\u2022\tHorario ampliado de lunes a domingos y feriados<br \/>\n\u2022\tAhorro en tiempo y costos por traslados<br \/>\n\u2022\tAhorro en tiempo de espera y atenci\u00f3n del tr\u00e1mite<br \/>\n\u2022\tUbicado en un lugar de f\u00e1cil acceso<\/p>\n<p><a href=\"https:\/\/www.mac.pe\/wp-content\/uploads\/2011\/01\/Presentaci\u00f3n_Plataforma_MAC-Actualizado-15_08-2.jpg\"><img loading=\"lazy\" decoding=\"async\" class=\"alignnone size-full wp-image-4724\" title=\"Presentaci\u00f3n_Plataforma_MAC Actualizado 15_08 (2)\" src=\"https:\/\/www.mac.pe\/wp-content\/uploads\/2011\/01\/Presentaci\u00f3n_Plataforma_MAC-Actualizado-15_08-2.jpg\" alt=\"\" width=\"600\" height=\"400\" \/><\/a><\/p>\n","protected":false},"excerpt":{"rendered":"<p>\u00bfQu\u00e9 son los Centros MAC? La Presidencia del Consejo de Ministros a trav\u00e9s de la Secretar\u00eda de Gesti\u00f3n P\u00fablica, rector del Sistema Administrativo de Modernizaci\u00f3n de la Gesti\u00f3n P\u00fablica, propone, articula, implementa y eval\u00faa la Pol\u00edtica Nacional de Modernizaci\u00f3n de la Gesti\u00f3n P\u00fablica y, de la coordinaci\u00f3n y direcci\u00f3n del proceso de modernizaci\u00f3n de la [&hellip;]<\/p>\n","protected":false},"author":1,"featured_media":0,"parent":0,"menu_order":0,"comment_status":"closed","ping_status":"closed","template":"","meta":{"footnotes":""},"class_list":["post-81","page","type-page","status-publish","hentry"],"_links":{"self":[{"href":"https:\/\/silva.net.pe\/macpe\/wp-json\/wp\/v2\/pages\/81","targetHints":{"allow":["GET"]}}],"collection":[{"href":"https:\/\/silva.net.pe\/macpe\/wp-json\/wp\/v2\/pages"}],"about":[{"href":"https:\/\/silva.net.pe\/macpe\/wp-json\/wp\/v2\/types\/page"}],"author":[{"embeddable":true,"href":"https:\/\/silva.net.pe\/macpe\/wp-json\/wp\/v2\/users\/1"}],"replies":[{"embeddable":true,"href":"https:\/\/silva.net.pe\/macpe\/wp-json\/wp\/v2\/comments?post=81"}],"version-history":[{"count":31,"href":"https:\/\/silva.net.pe\/macpe\/wp-json\/wp\/v2\/pages\/81\/revisions"}],"predecessor-version":[{"id":186,"href":"https:\/\/silva.net.pe\/macpe\/wp-json\/wp\/v2\/pages\/81\/revisions\/186"}],"wp:attachment":[{"href":"https:\/\/silva.net.pe\/macpe\/wp-json\/wp\/v2\/media?parent=81"}],"curies":[{"name":"wp","href":"https:\/\/api.w.org\/{rel}","templated":true}]}}