{"id":932,"date":"2014-12-19T09:32:02","date_gmt":"2014-12-19T14:32:02","guid":{"rendered":"http:\/\/www.mac.pe\/"},"modified":"2025-10-13T18:09:44","modified_gmt":"2025-10-13T23:09:44","slug":"mac-piura","status":"publish","type":"page","link":"https:\/\/silva.net.pe\/macpe\/mac-piura\/","title":{"rendered":"MAC Piura"},"content":{"rendered":"<address><span style=\"color: #000000;\">Centro Comercial Real Plaza \u2013 Nivel 1<\/span><\/address>\n<address><span style=\"color: #000000;\">Av. S\u00e1nchez Cerro N\u00b0 234, <strong>Piura, Piura, Piura<br \/>\n<\/strong><\/span><\/address>\n<address><\/address>\n<address><span style=\"color: #000000;\"> <\/span><\/address>\n<address><\/address>\n<p><\/p>\n<h3><span style=\"color: #000000;\"><strong>Relaci\u00f3n de Servicios por Entidad <\/strong><\/span><strong> <\/strong><\/h3>\n<table border=\"1\" cellspacing=\"0\" cellpadding=\"0\" width=\"554\">\n<tbody>\n<tr>\n<td style=\"text-align: center;\"><em><a href=\"https:\/\/www.mac.pe\/wp-content\/uploads\/2025\/10\/BANCO-DE-LA-NACI\u00d3N.pdf\" target=\"_blank\"><span style=\"color: #000000;\"><strong>BN &#8211; Banco de la naci\u00f3n<\/strong><\/span><\/a><\/em><\/td>\n<\/tr>\n<tr>\n<td style=\"text-align: center;\"><em><a href=\"https:\/\/www.mac.pe\/wp-content\/uploads\/2025\/10\/ESSALUD.pdf\" target=\"_blank\"><span style=\"color: #000000;\"><strong>ESSALUD &#8211; Seguro Social de Salud<\/strong><\/span><\/a><\/em><\/td>\n<\/tr>\n<tr>\n<td style=\"text-align: center;\"><a href=\"http:\/\/www.mac.pe\/wp-content\/uploads\/2023\/11\/direpro-piura.pdf\" target=\"_blank\"><span style=\"color: #000000;\"><em><strong>GORE Piura &#8211; Direcci\u00f3n Regional de la Producci\u00f3n<\/strong><\/em><\/span><\/a><\/td>\n<\/tr>\n<tr>\n<td style=\"text-align: center;\"><a href=\"http:\/\/www.mac.pe\/wp-content\/uploads\/2023\/11\/direccion-regional-del-trabajo-piura.pdf\" target=\"_blank\"><span style=\"color: #000000;\"><em><strong>GORE Piura &#8211; Direcci\u00f3n Regional de Trabajo y Promoci\u00f3n del Empleo <\/strong><\/em><\/span><\/a><\/td>\n<\/tr>\n<tr>\n<td style=\"text-align: center;\"><em><a href=\"https:\/\/www.mac.pe\/wp-content\/uploads\/2025\/10\/INDECOPI.pdf\" target=\"_blank\"><span style=\"color: #000000;\"><strong>INDECOPI \u2013 Instituto Nacional de Defensa de la Competencia y de la Protecci\u00f3n de la Propiedad Intelectual<\/strong><\/span><\/a><\/em><\/td>\n<\/tr>\n<tr>\n<td style=\"text-align: center;\"><em><a href=\"https:\/\/www.mac.pe\/wp-content\/uploads\/2025\/10\/INPE.pdf\" target=\"_blank\"><span style=\"color: #000000;\"><strong>INPE \u2013 Instituto Nacional Penitenciario<\/strong><\/span><\/a><\/em><\/td>\n<\/tr>\n<tr>\n<td style=\"text-align: center;\"><em><a href=\"https:\/\/www.mac.pe\/wp-content\/uploads\/2025\/10\/MININTER.pdf\" target=\"_blank\"><span style=\"color: #000000;\"><strong>MININTER &#8211; Ministerio del Interior<\/strong><\/span><\/a><\/em><\/td>\n<\/tr>\n<tr>\n<td style=\"text-align: center;\"><em><a href=\"https:\/\/www.mac.pe\/wp-content\/uploads\/2025\/10\/ONP.pdf\" target=\"_blank\"><span style=\"color: #000000;\"><strong>ONP \u2013 Oficina de Normalizaci\u00f3n Previsional<\/strong><\/span><\/a><\/em><\/td>\n<\/tr>\n<tr>\n<td style=\"text-align: center;\"><em><a href=\"https:\/\/www.mac.pe\/wp-content\/uploads\/2025\/10\/PODER-JUDICIAL.pdf\" target=\"_blank\"><span style=\"color: #000000;\"><strong>PJ \u2013 Poder Judicial<\/strong><\/span><\/a><\/em><\/td>\n<\/tr>\n<tr>\n<td style=\"text-align: center;\"><em><a href=\"https:\/\/www.mac.pe\/wp-content\/uploads\/2025\/10\/RENIEC-PROVINCIAS.pdf\" target=\"_blank\"><span style=\"color: #000000;\"><strong>RENIEC \u2013 Registro Nacional de Identificaci\u00f3n y Estado Civil<\/strong><span style=\"color: #ed1b24;\"><em><strong> No se tramita DNI electr\u00f3nico<\/strong><\/em><\/span><\/span><\/a><\/em><\/td>\n<\/tr>\n<tr>\n<td style=\"text-align: center;\"><em><a href=\"https:\/\/www.mac.pe\/wp-content\/uploads\/2025\/10\/SIS.pdf\" target=\"_blank\"><span style=\"color: #000000;\"><strong>SIS &#8211; Seguro Integral de Salud<\/strong><\/span><\/a><\/em><\/td>\n<\/tr>\n<tr>\n<td style=\"text-align: center;\"><em><a href=\"https:\/\/www.mac.pe\/wp-content\/uploads\/2025\/10\/SUNARP.pdf\" target=\"_blank\"><span style=\"color: #000000;\"><strong>SUNARP \u2013 Superintendencia Nacional de Registros P\u00fablicos<\/strong><\/span><\/a><\/em><\/td>\n<\/tr>\n<tr>\n<td style=\"text-align: center;\"><em><a href=\"https:\/\/www.mac.pe\/wp-content\/uploads\/2025\/10\/SUNASS.pdf\" target=\"_blank\"><span style=\"color: #000000;\"><strong>SUNASS &#8211; Superintendencia Nacional de Servicios de Saneamiento<\/strong><\/span><\/a><\/em><\/td>\n<\/tr>\n<tr>\n<td style=\"text-align: center;\"><em><a href=\"https:\/\/www.mac.pe\/wp-content\/uploads\/2025\/10\/SUNAT.pdf\" target=\"_blank\"><span style=\"color: #000000;\"><strong>SUNAT \u2013 Superintendencia Nacional de Administraci\u00f3n Tributaria<\/strong><\/span><\/a><\/em><\/td>\n<\/tr>\n<tr>\n<td style=\"text-align: center;\"><em><a href=\"https:\/\/www.mac.pe\/wp-content\/uploads\/2025\/10\/SUNEDU.pdf\" target=\"_blank\"><span style=\"color: #000000;\"><strong>SUNEDU \u2013 Superintendencia Nacional de Educaci\u00f3n Superior Universitaria<\/strong><\/span><\/a><\/em><\/td>\n<\/tr>\n<tr>\n<td style=\"text-align: center;\"><a href=\"http:\/\/www.mac.pe\/wp-content\/uploads\/2024\/05\/migraciones-Piura.pdf\" target=\"_blank\"><span style=\"color: #000000;\"><em><strong>Superintendencia Nacional de Migraciones &#8211; MIGRACIONES <\/strong><\/em><\/span><\/a><em><strong><a style=\"color: #ff0000;\" href=\"https:\/\/citaspasaporte.migraciones.gob.pe\/citas-pasaporte-v2\/programar-cita\">(Requiere Cita)<\/a><\/strong><\/em><\/td>\n<\/tr>\n<tr>\n<td style=\"text-align: left;\"><strong><em>Formatos de Ayuda:<\/em><\/strong><br \/>\n<a href=\"http:\/\/www.mac.pe\/descargas\/Atencion\/RER_Constitucion_MAC_Piura.pdf\" target=\"_blank\"><span style=\"color: #000000;\"><em>* Resoluci\u00f3n Ejecutiva Regional de Constituci\u00f3n del Centro MAC Piura<\/em><\/span><\/a><br \/>\n<a href=\"http:\/\/www.mac.pe\/descargas\/Atencion\/Decla_Jura_Domi.pdf\" target=\"_blank\"><span style=\"color: #000000;\"><em>* Declaraci\u00f3n Jurada de Domicilio<\/em><\/span><\/a><\/td>\n<\/tr>\n<\/tbody>\n<\/table>\n<p><!-- MAC Piura--><\/p>\n<div class=\"container\" style=\"background: #FAFAFA;\">\n<h3 style=\"margin-top: 15px;\">MAC Piura<\/h3>\n<\/div>\n","protected":false},"excerpt":{"rendered":"<p>Centro Comercial Real Plaza \u2013 Nivel 1 Av. S\u00e1nchez Cerro N\u00b0 234, Piura, Piura, Piura Relaci\u00f3n de Servicios por Entidad BN &#8211; Banco de la naci\u00f3n ESSALUD &#8211; Seguro Social de Salud GORE Piura &#8211; Direcci\u00f3n Regional de la Producci\u00f3n GORE Piura &#8211; Direcci\u00f3n Regional de Trabajo y Promoci\u00f3n del Empleo INDECOPI \u2013 Instituto Nacional [&hellip;]<\/p>\n","protected":false},"author":1,"featured_media":0,"parent":0,"menu_order":0,"comment_status":"closed","ping_status":"closed","template":"","meta":{"footnotes":""},"class_list":["post-932","page","type-page","status-publish","hentry"],"_links":{"self":[{"href":"https:\/\/silva.net.pe\/macpe\/wp-json\/wp\/v2\/pages\/932","targetHints":{"allow":["GET"]}}],"collection":[{"href":"https:\/\/silva.net.pe\/macpe\/wp-json\/wp\/v2\/pages"}],"about":[{"href":"https:\/\/silva.net.pe\/macpe\/wp-json\/wp\/v2\/types\/page"}],"author":[{"embeddable":true,"href":"https:\/\/silva.net.pe\/macpe\/wp-json\/wp\/v2\/users\/1"}],"replies":[{"embeddable":true,"href":"https:\/\/silva.net.pe\/macpe\/wp-json\/wp\/v2\/comments?post=932"}],"version-history":[{"count":100,"href":"https:\/\/silva.net.pe\/macpe\/wp-json\/wp\/v2\/pages\/932\/revisions"}],"predecessor-version":[{"id":937,"href":"https:\/\/silva.net.pe\/macpe\/wp-json\/wp\/v2\/pages\/932\/revisions\/937"}],"wp:attachment":[{"href":"https:\/\/silva.net.pe\/macpe\/wp-json\/wp\/v2\/media?parent=932"}],"curies":[{"name":"wp","href":"https:\/\/api.w.org\/{rel}","templated":true}]}}